{"id":688,"date":"2023-09-04T16:20:15","date_gmt":"2023-09-04T16:20:15","guid":{"rendered":"https:\/\/jigyou.info\/blog\/"},"modified":"2024-03-20T20:49:12","modified_gmt":"2024-03-20T20:49:12","slug":"blog","status":"publish","type":"page","link":"https:\/\/jigyou.info\/en\/blog\/","title":{"rendered":"Blog"},"content":{"rendered":"<style>.elementor-688 .elementor-element.elementor-element-77f749fe > .elementor-container{max-width:1160px;}.elementor-688 .elementor-element.elementor-element-77f749fe:not(.elementor-motion-effects-element-type-background), .elementor-688 .elementor-element.elementor-element-77f749fe > .elementor-motion-effects-container > .elementor-motion-effects-layer{background-color:transparent;background-image:radial-gradient(at bottom right, var( --e-global-color-1c255a0 ) 0%, var( --e-global-color-ec9c75d ) 30%);}.elementor-688 .elementor-element.elementor-element-77f749fe > .elementor-background-overlay{background-image:url(\"https:\/\/jigyou.info\/wp-content\/uploads\/2023\/09\/lawyer-and-legal-firm-bg-logo-legalix-e1675388608458.png\");background-position:bottom left;background-repeat:no-repeat;background-size:cover;opacity:0.8;transition:background 0.3s, border-radius 0.3s, opacity 0.3s;}.elementor-688 .elementor-element.elementor-element-77f749fe{transition:background 0.3s, border 0.3s, border-radius 0.3s, box-shadow 0.3s;margin-top:0px;margin-bottom:0px;padding:160px 0px 100px 0px;z-index:20;}.elementor-bc-flex-widget .elementor-688 .elementor-element.elementor-element-78b8a8c7.elementor-column .elementor-widget-wrap{align-items:center;}.elementor-688 .elementor-element.elementor-element-78b8a8c7.elementor-column.elementor-element[data-element_type=\"column\"] > .elementor-widget-wrap.elementor-element-populated{align-content:center;align-items:center;}.elementor-688 .elementor-element.elementor-element-68d70cc4{text-align:center;width:var( --container-widget-width, 100% );max-width:100%;--container-widget-width:100%;--container-widget-flex-grow:0;}.elementor-688 .elementor-element.elementor-element-68d70cc4 .elementor-heading-title{color:var( --e-global-color-7db6718 );font-family:var( --e-global-typography-primary-font-family ), Sans-serif;font-size:var( --e-global-typography-primary-font-size );font-weight:var( --e-global-typography-primary-font-weight );text-transform:var( --e-global-typography-primary-text-transform );font-style:var( --e-global-typography-primary-font-style );text-decoration:var( --e-global-typography-primary-text-decoration );line-height:var( --e-global-typography-primary-line-height );}.elementor-688 .elementor-element.elementor-element-68d70cc4 > .elementor-widget-container{margin:0px 0px 20px 0px;}.elementor-688 .elementor-element.elementor-element-6fcee1d .jeg-elementor-kit.jkit-postblock .jkit-posts{grid-template-columns:repeat(1, minmax(0, 1fr));grid-column-gap:40px;}.elementor-688 .elementor-element.elementor-element-6fcee1d .jeg-elementor-kit.jkit-postblock .jkit-thumb .thumbnail-container{height:300px;}.elementor-688 .elementor-element.elementor-element-6fcee1d .jeg-elementor-kit.jkit-postblock .jkit-postblock-content{text-align:left;}.elementor-688 .elementor-element.elementor-element-6fcee1d .jeg-elementor-kit.jkit-postblock .jkit-meta-readmore.icon-position-before i, .elementor-688 .elementor-element.elementor-element-6fcee1d .jeg-elementor-kit.jkit-postblock .jkit-meta-readmore.icon-position-before svg{margin-right:5px;}.elementor-688 .elementor-element.elementor-element-6fcee1d .jeg-elementor-kit.jkit-postblock .jkit-meta-readmore.icon-position-after i, .elementor-688 .elementor-element.elementor-element-6fcee1d .jeg-elementor-kit.jkit-postblock .jkit-meta-readmore.icon-position-after svg{margin-left:5px;}.elementor-688 .elementor-element.elementor-element-6fcee1d .jeg-elementor-kit.jkit-postblock .jkit-meta-comment.icon-position-before i, .elementor-688 .elementor-element.elementor-element-6fcee1d .jeg-elementor-kit.jkit-postblock .jkit-meta-comment.icon-position-before svg{margin-right:5px;}.elementor-688 .elementor-element.elementor-element-6fcee1d .jeg-elementor-kit.jkit-postblock .jkit-meta-comment.icon-position-after i, .elementor-688 .elementor-element.elementor-element-6fcee1d .jeg-elementor-kit.jkit-postblock .jkit-meta-comment.icon-position-after svg{margin-left:5px;}.elementor-688 .elementor-element.elementor-element-6fcee1d .jeg-elementor-kit.jkit-postblock .jkit-meta-author.icon-position-before i, .elementor-688 .elementor-element.elementor-element-6fcee1d .jeg-elementor-kit.jkit-postblock .jkit-meta-author.icon-position-before svg{margin-right:5px;}.elementor-688 .elementor-element.elementor-element-6fcee1d .jeg-elementor-kit.jkit-postblock .jkit-meta-author.icon-position-after i, .elementor-688 .elementor-element.elementor-element-6fcee1d .jeg-elementor-kit.jkit-postblock .jkit-meta-author.icon-position-after svg{margin-left:5px;}.elementor-688 .elementor-element.elementor-element-6fcee1d .jeg-elementor-kit.jkit-postblock .jkit-meta-date.icon-position-before i, .elementor-688 .elementor-element.elementor-element-6fcee1d .jeg-elementor-kit.jkit-postblock .jkit-meta-date.icon-position-before svg{margin-right:5px;}.elementor-688 .elementor-element.elementor-element-6fcee1d .jeg-elementor-kit.jkit-postblock .jkit-meta-date.icon-position-after i, .elementor-688 .elementor-element.elementor-element-6fcee1d .jeg-elementor-kit.jkit-postblock .jkit-meta-date.icon-position-after svg{margin-left:5px;}.elementor-688 .elementor-element.elementor-element-6fcee1d .jeg-elementor-kit.jkit-postblock .jkit-post-meta-bottom{justify-content:space-between;}.elementor-688 .elementor-element.elementor-element-6fcee1d .jeg-elementor-kit.jkit-postblock .jeg_empty_module{text-align:left;}:root{--page-title-display:none;}@media(max-width:1024px) and (min-width:768px){.elementor-688 .elementor-element.elementor-element-78b8a8c7{width:100%;}}@media(max-width:1024px){.elementor-688 .elementor-element.elementor-element-77f749fe > .elementor-background-overlay{background-position:bottom right;}.elementor-688 .elementor-element.elementor-element-77f749fe{padding:140px 10px 0px 10px;}.elementor-688 .elementor-element.elementor-element-78b8a8c7 > .elementor-element-populated{margin:0px 0px 80px 0px;--e-column-margin-right:0px;--e-column-margin-left:0px;}.elementor-688 .elementor-element.elementor-element-68d70cc4 .elementor-heading-title{font-size:var( --e-global-typography-primary-font-size );line-height:var( --e-global-typography-primary-line-height );}.elementor-688 .elementor-element.elementor-element-68d70cc4{--container-widget-width:80%;--container-widget-flex-grow:0;width:var( --container-widget-width, 80% );max-width:80%;}.elementor-688 .elementor-element.elementor-element-6fcee1d .jeg-elementor-kit.jkit-postblock .jkit-posts{grid-template-columns:repeat(1, minmax(0, 1fr));}}@media(max-width:767px){.elementor-688 .elementor-element.elementor-element-77f749fe > .elementor-background-overlay{background-position:center center;}.elementor-688 .elementor-element.elementor-element-77f749fe{padding:130px 10px 60px 10px;}.elementor-688 .elementor-element.elementor-element-78b8a8c7 > .elementor-element-populated{margin:0px 0px 0px 0px;--e-column-margin-right:0px;--e-column-margin-left:0px;}.elementor-688 .elementor-element.elementor-element-68d70cc4 .elementor-heading-title{font-size:var( --e-global-typography-primary-font-size );line-height:var( --e-global-typography-primary-line-height );}.elementor-688 .elementor-element.elementor-element-68d70cc4{--container-widget-width:100%;--container-widget-flex-grow:0;width:var( --container-widget-width, 100% );max-width:100%;}}@media(min-width:1025px){.elementor-688 .elementor-element.elementor-element-77f749fe > .elementor-background-overlay{background-attachment:fixed;}}@media (max-width: 1024px) {.elementor-element.elementor-element-6fcee1d .jeg-elementor-kit.jkit-postblock.postblock-type-1 .jkit-post { display: block; -webkit-box-align: stretch; -ms-flex-align: stretch; align-items: stretch; } }@media (max-width: 1024px) {.elementor-element.elementor-element-6fcee1d .jeg-elementor-kit.jkit-postblock.postblock-type-1 .jkit-thumb { -webkit-box-flex: 1; -ms-flex: 1 0 auto; flex: 1 0 auto; max-width: 100%; } }<\/style>\t\t<div data-elementor-type=\"wp-page\" data-elementor-id=\"688\" class=\"elementor elementor-688 elementor-79\" data-elementor-post-type=\"page\">\n\t\t\t\t\t\t<section class=\"elementor-section elementor-top-section elementor-element elementor-element-77f749fe elementor-section-boxed elementor-section-height-default elementor-section-height-default\" data-id=\"77f749fe\" data-element_type=\"section\" data-settings=\"{&quot;background_background&quot;:&quot;gradient&quot;}\">\n\t\t\t\t\t\t\t<div class=\"elementor-background-overlay\"><\/div>\n\t\t\t\t\t\t\t<div class=\"elementor-container elementor-column-gap-default\">\n\t\t\t\t\t<div class=\"elementor-column elementor-col-100 elementor-top-column elementor-element elementor-element-78b8a8c7\" data-id=\"78b8a8c7\" data-element_type=\"column\">\n\t\t\t<div class=\"elementor-widget-wrap elementor-element-populated\">\n\t\t\t\t\t\t<div class=\"elementor-element elementor-element-68d70cc4 elementor-widget__width-initial elementor-invisible elementor-widget elementor-widget-heading\" data-id=\"68d70cc4\" data-element_type=\"widget\" data-settings=\"{&quot;_animation&quot;:&quot;fadeIn&quot;,&quot;_animation_delay&quot;:&quot;200&quot;}\" data-widget_type=\"heading.default\">\n\t\t\t\t<div class=\"elementor-widget-container\">\n\t\t\t<style>\/*! elementor - v3.19.0 - 28-02-2024 *\/\n.elementor-heading-title{padding:0;margin:0;line-height:1}.elementor-widget-heading .elementor-heading-title[class*=elementor-size-]>a{color:inherit;font-size:inherit;line-height:inherit}.elementor-widget-heading .elementor-heading-title.elementor-size-small{font-size:15px}.elementor-widget-heading .elementor-heading-title.elementor-size-medium{font-size:19px}.elementor-widget-heading .elementor-heading-title.elementor-size-large{font-size:29px}.elementor-widget-heading .elementor-heading-title.elementor-size-xl{font-size:39px}.elementor-widget-heading .elementor-heading-title.elementor-size-xxl{font-size:59px}<\/style><h1 class=\"elementor-heading-title elementor-size-default\">Don't miss our news and articles<\/h1>\t\t<\/div>\n\t\t\t\t<\/div>\n\t\t\t\t\t<\/div>\n\t\t<\/div>\n\t\t\t\t\t<\/div>\n\t\t<\/section>\n\t\t\t\t<section class=\"elementor-section elementor-top-section elementor-element elementor-element-8001f1b elementor-section-boxed elementor-section-height-default elementor-section-height-default\" data-id=\"8001f1b\" data-element_type=\"section\">\n\t\t\t\t\t\t<div class=\"elementor-container elementor-column-gap-default\">\n\t\t\t\t\t<div class=\"elementor-column elementor-col-100 elementor-top-column elementor-element elementor-element-daf393d\" data-id=\"daf393d\" data-element_type=\"column\">\n\t\t\t<div class=\"elementor-widget-wrap elementor-element-populated\">\n\t\t\t\t\t\t<div class=\"elementor-element elementor-element-6fcee1d elementor-widget elementor-widget-jkit_post_block\" data-id=\"6fcee1d\" data-element_type=\"widget\" data-widget_type=\"jkit_post_block.default\">\n\t\t\t\t<div class=\"elementor-widget-container\">\n\t\t\t<div  class=\"jeg-elementor-kit jkit-postblock postblock-type-1 jkit-pagination-disable post-element jeg_module___69de24741b45a\"  data-id=\"jeg_module___69de24741b45a\" data-settings=\"{&quot;post_type&quot;:&quot;post&quot;,&quot;number_post&quot;:{&quot;unit&quot;:&quot;px&quot;,&quot;size&quot;:3,&quot;sizes&quot;:[]},&quot;post_offset&quot;:0,&quot;unique_content&quot;:&quot;disable&quot;,&quot;include_post&quot;:&quot;&quot;,&quot;exclude_post&quot;:&quot;&quot;,&quot;include_category&quot;:&quot;&quot;,&quot;exclude_category&quot;:&quot;&quot;,&quot;include_author&quot;:&quot;&quot;,&quot;include_tag&quot;:&quot;&quot;,&quot;exclude_tag&quot;:&quot;&quot;,&quot;sort_by&quot;:&quot;latest&quot;,&quot;pagination_mode&quot;:&quot;disable&quot;,&quot;pagination_loadmore_text&quot;:&quot;Load More&quot;,&quot;pagination_loading_text&quot;:&quot;Loading...&quot;,&quot;pagination_number_post&quot;:{&quot;unit&quot;:&quot;px&quot;,&quot;size&quot;:3,&quot;sizes&quot;:[]},&quot;pagination_scroll_limit&quot;:0,&quot;pagination_icon&quot;:{&quot;value&quot;:&quot;&quot;,&quot;library&quot;:&quot;&quot;},&quot;pagination_icon_position&quot;:&quot;before&quot;,&quot;st_category_position&quot;:&quot;center&quot;,&quot;sg_content_postblock_type&quot;:&quot;type-1&quot;,&quot;sg_content_element_order&quot;:&quot;title,meta,excerpt,read&quot;,&quot;sg_content_breakpoint&quot;:&quot;tablet&quot;,&quot;sg_content_title_html_tag&quot;:&quot;h3&quot;,&quot;sg_content_category_enable&quot;:&quot;&quot;,&quot;sg_content_excerpt_enable&quot;:&quot;yes&quot;,&quot;sg_content_excerpt_length&quot;:{&quot;unit&quot;:&quot;px&quot;,&quot;size&quot;:20,&quot;sizes&quot;:[]},&quot;sg_content_excerpt_more&quot;:&quot;...&quot;,&quot;sg_content_readmore_enable&quot;:&quot;yes&quot;,&quot;sg_content_readmore_icon&quot;:{&quot;value&quot;:&quot;fas fa-arrow-right&quot;,&quot;library&quot;:&quot;fa-solid&quot;},&quot;sg_content_readmore_icon_position&quot;:&quot;after&quot;,&quot;sg_content_readmore_text&quot;:&quot;leer m\\u00e1s&quot;,&quot;sg_content_comment_enable&quot;:&quot;yes&quot;,&quot;sg_content_comment_icon&quot;:{&quot;value&quot;:&quot;fas fa-comment&quot;,&quot;library&quot;:&quot;fa-solid&quot;},&quot;sg_content_comment_icon_position&quot;:&quot;before&quot;,&quot;sg_content_meta_enable&quot;:&quot;yes&quot;,&quot;sg_content_meta_author_enable&quot;:&quot;yes&quot;,&quot;sg_content_meta_author_by_text&quot;:&quot;by&quot;,&quot;sg_content_meta_author_icon&quot;:{&quot;value&quot;:&quot;fas fa-user&quot;,&quot;library&quot;:&quot;fa-solid&quot;},&quot;sg_content_meta_author_icon_position&quot;:&quot;before&quot;,&quot;sg_content_meta_date_enable&quot;:&quot;yes&quot;,&quot;sg_content_meta_date_type&quot;:&quot;published&quot;,&quot;sg_content_meta_date_format&quot;:&quot;default&quot;,&quot;sg_content_meta_date_format_custom&quot;:&quot;j F, Y&quot;,&quot;sg_content_meta_date_icon&quot;:{&quot;value&quot;:&quot;fas fa-clock&quot;,&quot;library&quot;:&quot;fa-solid&quot;},&quot;sg_content_meta_date_icon_position&quot;:&quot;before&quot;,&quot;sg_content_image_size_imagesize_size&quot;:&quot;medium_large&quot;,&quot;lang&quot;:&quot;en&quot;,&quot;paged&quot;:1,&quot;class&quot;:&quot;jkit_post_block&quot;}\"><div class=\"jkit-block-container\"><div class=\"jeg_empty_module\">No Content Available<\/div><\/div><\/div>\t\t<\/div>\n\t\t\t\t<\/div>\n\t\t\t\t\t<\/div>\n\t\t<\/div>\n\t\t\t\t\t<\/div>\n\t\t<\/section>\n\t\t\t\t<\/div>\n\t\t","protected":false},"excerpt":{"rendered":"<p>Don&#8217;t miss our news and articles edit post Dale Valor A Tu Negocio byjigyou.info10 noviembre, 2023 En la actualidad existen cuatro formas de proteger la propiedad intelectual: leer m\u00e1s 0 edit post Inflaci\u00f3n en M\u00e9xico byjigyou.info10 noviembre, 2023 Inflaci\u00f3n en M\u00e9xico sube en \u00faltima quincena de septiembre: \u00bfPor qu\u00e9 el dato no es una buena [&hellip;]<\/p>\n","protected":false},"author":1,"featured_media":0,"parent":0,"menu_order":0,"comment_status":"closed","ping_status":"closed","template":"","meta":{"footnotes":""},"aioseo_notices":[],"_links":{"self":[{"href":"https:\/\/jigyou.info\/en\/wp-json\/wp\/v2\/pages\/688"}],"collection":[{"href":"https:\/\/jigyou.info\/en\/wp-json\/wp\/v2\/pages"}],"about":[{"href":"https:\/\/jigyou.info\/en\/wp-json\/wp\/v2\/types\/page"}],"author":[{"embeddable":true,"href":"https:\/\/jigyou.info\/en\/wp-json\/wp\/v2\/users\/1"}],"replies":[{"embeddable":true,"href":"https:\/\/jigyou.info\/en\/wp-json\/wp\/v2\/comments?post=688"}],"version-history":[{"count":4,"href":"https:\/\/jigyou.info\/en\/wp-json\/wp\/v2\/pages\/688\/revisions"}],"predecessor-version":[{"id":738,"href":"https:\/\/jigyou.info\/en\/wp-json\/wp\/v2\/pages\/688\/revisions\/738"}],"wp:attachment":[{"href":"https:\/\/jigyou.info\/en\/wp-json\/wp\/v2\/media?parent=688"}],"curies":[{"name":"wp","href":"https:\/\/api.w.org\/{rel}","templated":true}]}}